{"id":396,"date":"2019-03-11T17:39:03","date_gmt":"2019-03-11T14:39:03","guid":{"rendered":"http:\/\/www.turcanapple.com\/en\/?page_id=396"},"modified":"2022-09-09T00:05:49","modified_gmt":"2022-09-08T21:05:49","slug":"anasayfa","status":"publish","type":"page","link":"https:\/\/www.turcanapple.com\/en\/","title":{"rendered":"Home"},"content":{"rendered":"<div class=\"wpb-content-wrapper\"><p>[vc_row][vc_column]\n\t\t\t<!-- START Home Slider REVOLUTION SLIDER 6.7.13 --><p class=\"rs-p-wp-fix\"><\/p>\n\t\t\t<rs-module-wrap id=\"rev_slider_1_1_wrapper\" data-source=\"gallery\" style=\"visibility:hidden;background:transparent;padding:0;margin:0px auto;margin-top:0;margin-bottom:0;\">\n\t\t\t\t<rs-module id=\"rev_slider_1_1\" style=\"\" data-version=\"6.7.13\">\n\t\t\t\t\t<rs-slides style=\"overflow: hidden; position: absolute;\">\n\t\t\t\t\t\t<rs-slide style=\"position: absolute;\" data-key=\"rs-1\" data-title=\"Slide\" data-thumb=\"\/\/www.turcanapple.com\/en\/wp-content\/uploads\/2022\/08\/slider-all-2-100x50.jpg\" data-anim=\"ms:600;r:0;\" data-in=\"o:0;\" data-out=\"a:false;\">\n\t\t\t\t\t\t\t<img decoding=\"async\" src=\"\/\/www.turcanapple.com\/en\/wp-content\/plugins\/revslider\/sr6\/assets\/assets\/dummy.png\" alt=\"T\u00fcrcan Apple\" title=\"T\u00fcrcan Apple\" width=\"1920\" height=\"600\" class=\"rev-slidebg tp-rs-img rs-lazyload\" data-lazyload=\"\/\/www.turcanapple.com\/en\/wp-content\/uploads\/2022\/08\/slider-all-2.jpg\" data-no-retina>\n<!--\n\t\t\t\t\t\t\t--><a\n\t\t\t\t\t\t\t\tid=\"slider-1-slide-1-layer-3\" \n\t\t\t\t\t\t\t\tclass=\"rs-layer rev-btn\"\n\t\t\t\t\t\t\t\thref=\"https:\/\/www.turcanapple.com\/en\/products\/all-products\/\" target=\"_self\" rel=\"nofollow\"\n\t\t\t\t\t\t\t\tdata-type=\"button\"\n\t\t\t\t\t\t\t\tdata-color=\"rgba(255,255,255,1)\"\n\t\t\t\t\t\t\t\tdata-xy=\"x:c;y:b,b,b,t;yo:80px,80px,80px,320px;\"\n\t\t\t\t\t\t\t\tdata-text=\"s:14;l:17;a:inherit;\"\n\t\t\t\t\t\t\t\tdata-rsp_bd=\"off\"\n\t\t\t\t\t\t\t\tdata-padding=\"t:12;r:35;b:12;l:35;\"\n\t\t\t\t\t\t\t\tdata-border=\"bor:3px,3px,3px,3px;\"\n\t\t\t\t\t\t\t\tdata-frame_0=\"tp:600;\"\n\t\t\t\t\t\t\t\tdata-frame_1=\"tp:600;st:1110;sp:640;sR:1110;\"\n\t\t\t\t\t\t\t\tdata-frame_999=\"o:0;tp:600;st:w;sR:7250;\"\n\t\t\t\t\t\t\t\tdata-frame_hover=\"c:#000;bgc:#fff;boc:#000;bor:3px,3px,3px,3px;bos:solid;oX:50;oY:50;sp:0;\"\n\t\t\t\t\t\t\t\tstyle=\"z-index:7;background-color:#ff3a2d;font-family:'Poppins';cursor:pointer;outline:none;box-shadow:none;box-sizing:border-box;-moz-box-sizing:border-box;-webkit-box-sizing:border-box;\"\n\t\t\t\t\t\t\t>PRODUCTS \n\t\t\t\t\t\t\t<\/a><!--\n-->\t\t\t\t\t<\/rs-slide>\n\t\t\t\t\t\t<rs-slide style=\"position: absolute;\" data-key=\"rs-14\" data-title=\"Slide\" data-thumb=\"\/\/www.turcanapple.com\/en\/wp-content\/uploads\/2022\/08\/slider-kadin-02-100x50.jpg\" data-anim=\"ms:600;r:0;\" data-in=\"o:0;\" data-out=\"a:false;\">\n\t\t\t\t\t\t\t<img decoding=\"async\" src=\"\/\/www.turcanapple.com\/en\/wp-content\/plugins\/revslider\/sr6\/assets\/assets\/dummy.png\" alt=\"Kad\u0131n \u0130\u00e7 Giyim\" title=\"Kad\u0131n \u0130\u00e7 Giyim\" width=\"1920\" height=\"600\" class=\"rev-slidebg tp-rs-img rs-lazyload\" data-lazyload=\"\/\/www.turcanapple.com\/en\/wp-content\/uploads\/2022\/08\/slider-kadin-02.jpg\" data-no-retina>\n<!--\n\t\t\t\t\t\t\t--><a\n\t\t\t\t\t\t\t\tid=\"slider-1-slide-14-layer-3\" \n\t\t\t\t\t\t\t\tclass=\"rs-layer rev-btn\"\n\t\t\t\t\t\t\t\thref=\"https:\/\/www.turcanapple.com\/en\/products\/womens-underwear\/\" target=\"_self\" rel=\"nofollow\"\n\t\t\t\t\t\t\t\tdata-type=\"button\"\n\t\t\t\t\t\t\t\tdata-color=\"rgba(255,255,255,1)\"\n\t\t\t\t\t\t\t\tdata-xy=\"x:c;y:b,b,b,t;yo:80px,80px,80px,320px;\"\n\t\t\t\t\t\t\t\tdata-text=\"s:14;l:17;a:inherit;\"\n\t\t\t\t\t\t\t\tdata-rsp_bd=\"off\"\n\t\t\t\t\t\t\t\tdata-padding=\"t:12;r:35;b:12;l:35;\"\n\t\t\t\t\t\t\t\tdata-border=\"bor:3px,3px,3px,3px;\"\n\t\t\t\t\t\t\t\tdata-frame_0=\"tp:600;\"\n\t\t\t\t\t\t\t\tdata-frame_1=\"tp:600;st:1110;sp:640;sR:1110;\"\n\t\t\t\t\t\t\t\tdata-frame_999=\"o:0;tp:600;st:w;sR:7250;\"\n\t\t\t\t\t\t\t\tdata-frame_hover=\"c:#000;bgc:#fff;boc:#000;bor:3px,3px,3px,3px;bos:solid;oX:50;oY:50;sp:0;\"\n\t\t\t\t\t\t\t\tstyle=\"z-index:7;background-color:#ff3a2d;font-family:'Poppins';cursor:pointer;outline:none;box-shadow:none;box-sizing:border-box;-moz-box-sizing:border-box;-webkit-box-sizing:border-box;\"\n\t\t\t\t\t\t\t>WOMEN UNDERWEAR \n\t\t\t\t\t\t\t<\/a><!--\n-->\t\t\t\t\t<\/rs-slide>\n\t\t\t\t\t\t<rs-slide style=\"position: absolute;\" data-key=\"rs-15\" data-title=\"Slide\" data-thumb=\"\/\/www.turcanapple.com\/en\/wp-content\/uploads\/2022\/08\/slider-erkek-02-100x50.jpg\" data-anim=\"ms:600;r:0;\" data-in=\"o:0;\" data-out=\"a:false;\">\n\t\t\t\t\t\t\t<img decoding=\"async\" src=\"\/\/www.turcanapple.com\/en\/wp-content\/plugins\/revslider\/sr6\/assets\/assets\/dummy.png\" alt=\"Erkek \u0130\u00e7 Giyim\" title=\"Erkek \u0130\u00e7 Giyim\" width=\"1920\" height=\"600\" class=\"rev-slidebg tp-rs-img rs-lazyload\" data-lazyload=\"\/\/www.turcanapple.com\/en\/wp-content\/uploads\/2022\/08\/slider-erkek-02.jpg\" data-no-retina>\n<!--\n\t\t\t\t\t\t\t--><a\n\t\t\t\t\t\t\t\tid=\"slider-1-slide-15-layer-3\" \n\t\t\t\t\t\t\t\tclass=\"rs-layer rev-btn\"\n\t\t\t\t\t\t\t\thref=\"https:\/\/www.turcanapple.com\/en\/products\/mens-underwear\/\" target=\"_self\" rel=\"nofollow\"\n\t\t\t\t\t\t\t\tdata-type=\"button\"\n\t\t\t\t\t\t\t\tdata-color=\"rgba(255,255,255,1)\"\n\t\t\t\t\t\t\t\tdata-xy=\"x:c;y:b,b,b,t;yo:80px,80px,80px,320px;\"\n\t\t\t\t\t\t\t\tdata-text=\"s:14;l:17;a:inherit;\"\n\t\t\t\t\t\t\t\tdata-rsp_bd=\"off\"\n\t\t\t\t\t\t\t\tdata-padding=\"t:12;r:35;b:12;l:35;\"\n\t\t\t\t\t\t\t\tdata-border=\"bor:3px,3px,3px,3px;\"\n\t\t\t\t\t\t\t\tdata-frame_0=\"tp:600;\"\n\t\t\t\t\t\t\t\tdata-frame_1=\"tp:600;st:1110;sp:640;sR:1110;\"\n\t\t\t\t\t\t\t\tdata-frame_999=\"o:0;tp:600;st:w;sR:7250;\"\n\t\t\t\t\t\t\t\tdata-frame_hover=\"c:#000;bgc:#fff;boc:#000;bor:3px,3px,3px,3px;bos:solid;oX:50;oY:50;sp:0;\"\n\t\t\t\t\t\t\t\tstyle=\"z-index:7;background-color:#ff3a2d;font-family:'Poppins';cursor:pointer;outline:none;box-shadow:none;box-sizing:border-box;-moz-box-sizing:border-box;-webkit-box-sizing:border-box;\"\n\t\t\t\t\t\t\t>MEN UNDERWEAR \n\t\t\t\t\t\t\t<\/a><!--\n-->\t\t\t\t\t<\/rs-slide>\n\t\t\t\t\t<\/rs-slides>\n\t\t\t\t<\/rs-module>\n\t\t\t\t<script>\n\t\t\t\t\tsetREVStartSize({c: 'rev_slider_1_1',rl:[1240,1240,1240,480],el:[600,600,600,420],gw:[1110,1110,1110,480],gh:[600,600,600,420],type:'standard',justify:'',layout:'fullwidth',mh:\"0\"});if (window.RS_MODULES!==undefined && window.RS_MODULES.modules!==undefined && window.RS_MODULES.modules[\"revslider11\"]!==undefined) {window.RS_MODULES.modules[\"revslider11\"].once = false;window.revapi1 = undefined;if (window.RS_MODULES.checkMinimal!==undefined) window.RS_MODULES.checkMinimal()}\n\t\t\t\t<\/script>\n\t\t\t<\/rs-module-wrap>\n\t\t\t<!-- END REVOLUTION SLIDER -->\n[\/vc_column][\/vc_row][vc_row][vc_column css=&#8221;.vc_custom_1647270576783{padding-top: 45px !important;}&#8221;][vc_custom_heading text=&#8221;Women&#8217;s, Men&#8217;s and Children&#8217;s Underwear Products&#8221; font_container=&#8221;tag:h1|text_align:center&#8221; google_fonts=&#8221;font_family:Montserrat%3Aregular%2C700|font_style:700%20bold%20regular%3A700%3Anormal&#8221;][\/vc_column][\/vc_row][vc_row css=&#8221;.vc_custom_1647270567687{padding-top: 45px !important;padding-bottom: 90px !important;}&#8221;][vc_column width=&#8221;1\/4&#8243; offset=&#8221;vc_col-xs-6&#8243;]<div class=\"text-center\"><a href=\"https:\/\/www.turcanapple.com\/en\/products\/womens-underwear\/\"><div class=\"image-frame no-frame-ad mb-4 hover12\"><img decoding=\"async\" src=\"https:\/\/www.turcanapple.com\/en\/wp-content\/uploads\/2022\/08\/kadin-ic-giyim-02-1024x1024.jpg\" class=\"img-fluid rounded-circle\" alt=\"Women Underwear\"><\/div><\/a><h2 class=\"text-4 font-weight-bold mb-3 text-center\"><a href=\"https:\/\/www.turcanapple.com\/en\/products\/womens-underwear\/\">Women Underwear<\/a>\t<\/h2><p><\/p><\/div>[\/vc_column][vc_column width=&#8221;1\/4&#8243; offset=&#8221;vc_col-xs-6&#8243;]<div class=\"text-center\"><a href=\"https:\/\/www.turcanapple.com\/en\/products\/mens-underwear\/\"><div class=\"image-frame no-frame-ad mb-4 hover12\"><img decoding=\"async\" src=\"https:\/\/www.turcanapple.com\/en\/wp-content\/uploads\/2022\/08\/erkek-ic-giyim-02-1024x1024.jpg\" class=\"img-fluid rounded-circle\" alt=\"Men Underwear\"><\/div><\/a><h2 class=\"text-4 font-weight-bold mb-3 text-center\"><a href=\"https:\/\/www.turcanapple.com\/en\/products\/mens-underwear\/\">Men Underwear<\/a>\t<\/h2><p><\/p><\/div>[\/vc_column][vc_column width=&#8221;1\/4&#8243; offset=&#8221;vc_col-xs-6&#8243;]<div class=\"text-center\"><a href=\"https:\/\/www.turcanapple.com\/en\/products\/girls-underwear\/\"><div class=\"image-frame no-frame-ad mb-4 hover12\"><img decoding=\"async\" src=\"https:\/\/www.turcanapple.com\/en\/wp-content\/uploads\/2022\/08\/kiz-cocuk-ic-giyim-02-1024x1024.jpg\" class=\"img-fluid rounded-circle\" alt=\"Girl Underwear\"><\/div><\/a><h2 class=\"text-4 font-weight-bold mb-3 text-center\"><a href=\"https:\/\/www.turcanapple.com\/en\/products\/girls-underwear\/\">Girl Underwear<\/a>\t<\/h2><p><\/p><\/div>[\/vc_column][vc_column width=&#8221;1\/4&#8243; offset=&#8221;vc_col-xs-6&#8243;]<div class=\"text-center\"><a href=\"https:\/\/www.turcanapple.com\/en\/products\/boys-underwear\/\"><div class=\"image-frame no-frame-ad mb-4 hover12\"><img decoding=\"async\" src=\"https:\/\/www.turcanapple.com\/en\/wp-content\/uploads\/2022\/08\/erkek-cocuk-ic-giyim-02-1024x1024.jpg\" class=\"img-fluid rounded-circle\" alt=\"Boy Underwear\"><\/div><\/a><h2 class=\"text-4 font-weight-bold mb-3 text-center\"><a href=\"https:\/\/www.turcanapple.com\/en\/products\/boys-underwear\/\">Boy Underwear<\/a>\t<\/h2><p><\/p><\/div>[\/vc_column][\/vc_row][vc_row full_width=&#8221;stretch_row_content_no_spaces&#8221;][vc_column]\t<section class=\"section section-skew bg-primary py-5\">\n\t\t<div class=\"section-skew-layer section-skew-layer-mobile-right bg-dark-5\" data-skew-layer data-skew-layer-value=\"62%\"\n\t\t data-skew-layer-from=\"right\"><\/div>\n\t\t<div class=\"container\">\n\t\t\t<div class=\"row align-items-center\">\n\t\t\t\t<div class=\"col-md-9 appear-animation\" data-appear-animation=\"fadeInRightShorter\">\n\t\t\t\t\t<h2 class=\"font-weight-semibold text-light mb-0\">\n\t\t\t\t\t\tTo Get Information About Our Company and Our Products\n\t\t\t\t\t<\/h2>\n\t\t\t\t\t<p class=\"font-weight-light text-light mb-3 mb-md-0\">\n\t\t\t\t\t\tContact now, fill out the form and we will call you.\n\t\t\t\t\t<\/p>\n\t\t\t\t<\/div>\n\t\t\t\t<div class=\"col-md-3 text-left text-md-right appear-animation\" data-appear-animation=\"fadeInLeftShorter\">\n\t\t\t\t\t<a href=\"https:\/\/www.turcanapple.com\/en\/contact-us\/\"  class=\"btn btn-light btn-rounded btn-icon-effect-1 font-weight-bold btn-h-4 btn-v-4\">\n\t\t\t\t\t\t<span class=\"wrap\">\n\t\t\t\t\t\t\t<span>\n\t\t\t\t\t\t\t\tContact Us<\/span>\n\t\t\t\t\t\t<\/span>\n\t\t\t\t\t<\/a>\n\t\t\t\t<\/div>\n\t\t\t<\/div>\n\t\t<\/div>\n\t<\/section>[\/vc_column][\/vc_row][vc_row css=&#8221;.vc_custom_1635508374108{padding-top: 90px !important;padding-bottom: 90px !important;}&#8221;][vc_column width=&#8221;1\/2&#8243;][vc_custom_heading text=&#8221;T\u00fcrcan Apple Laundry &amp; Underwear&#8221; font_container=&#8221;tag:h1|font_size:23|text_align:left&#8221; google_fonts=&#8221;font_family:Montserrat%3Aregular%2C700|font_style:700%20bold%20regular%3A700%3Anormal&#8221;][vc_column_text]We produce men&#8217;s and women&#8217;s underwear with our wide product range. We have domestic and international sales (Russia, Moldova, Ukraine, Kosovo, Bulgaria, Kazakhstan, Lebanon, Egypt, Algeria). Our product range is under the guarantee of our company as there are many.<\/p>\n<p>Among our women&#8217;s varieties, there are singlets, women&#8217;s snap fasteners, women&#8217;s boxers, women&#8217;s trousers, strapless, halterneck bodies, long and short tights, women&#8217;s sports singlets, gipon varieties, viscose product varieties, women&#8217;s bikini varieties and satin nightgowns.<\/p>\n<p>Men&#8217;s Types We have men&#8217;s boxer, argentina (men&#8217;s long legs), men&#8217;s tank top, men&#8217;s sports tank top, bikini, slip (pants) types.<\/p>\n<p>In our children&#8217;s range, there are children&#8217;s shorts sets, baby body, snap fastener body, children&#8217;s boxer, athlete panty sets, zero collars, children&#8217;s panties and pajama sets.[\/vc_column_text]\n        <div class=\"d-block d-sm-inline-block text-center appear-animation\" data-appear-animation=\"fadeInUpShorter\"\n\t\t\t\t\t data-appear-animation-delay=\"700\">\n\t\t\t\t\t\t<a href=\"https:\/\/www.turcanapple.com\/en\/corporate\/\" class=\"btn btn-outline btn-rounded btn-primary btn-v-3 btn-h-4 font-weight-bold mt-3 text-0\">\n\t\t\t\t\t\t\tAbout Us<\/a>\n\t\t\t\t\t<\/div>\n       [\/vc_column][vc_column width=&#8221;1\/2&#8243; css=&#8221;.vc_custom_1549353223455{padding-left: 80px !important;}&#8221;]\n         <div class=\"particles d-flex align-items-center pr-0 pr-lg-3 pr-xl-5\">\n\t\t<div class=\"particles-rect bg-primary d-none d-md-block\" data-plugin-float-element data-plugin-options=\"{'startPos': 'top', 'speed': 4, 'transition': true}\"><\/div>\n            <img decoding=\"async\" src=\"https:\/\/www.turcanapple.com\/en\/wp-content\/uploads\/2022\/08\/banner-biz-kimiz.jpg\" class=\"img-fluid\" alt=\"\"\n                data-plugin-float-element data-plugin-options=\"{'startPos': 'top', 'speed': 4, 'horizontal': true, 'transition': true}\" \/> <\/div>[\/vc_column][\/vc_row][vc_row full_width=&#8221;stretch_row&#8221; disable_element=&#8221;yes&#8221; css=&#8221;.vc_custom_1650107777093{padding-top: 60px !important;padding-bottom: 60px !important;background-color: #f1f3f7 !important;}&#8221;][vc_column][vc_custom_heading text=&#8221;\u00c7\u00f6z\u00fcm Ortaklar\u0131m\u0131z&#8221; font_container=&#8221;tag:h2|text_align:center&#8221; use_theme_fonts=&#8221;yes&#8221;][\/vc_column][vc_column width=&#8221;1\/4&#8243;][vc_single_image image=&#8221;722&#8243; img_size=&#8221;full&#8221; alignment=&#8221;center&#8221; css_animation=&#8221;fadeIn&#8221;][\/vc_column][vc_column width=&#8221;1\/4&#8243;][vc_single_image image=&#8221;723&#8243; img_size=&#8221;full&#8221; alignment=&#8221;center&#8221; css_animation=&#8221;fadeIn&#8221;][\/vc_column][vc_column width=&#8221;1\/4&#8243;][vc_single_image image=&#8221;725&#8243; img_size=&#8221;full&#8221; alignment=&#8221;center&#8221; css_animation=&#8221;fadeIn&#8221;][\/vc_column][vc_column width=&#8221;1\/4&#8243;][vc_single_image image=&#8221;724&#8243; img_size=&#8221;full&#8221; alignment=&#8221;center&#8221; css_animation=&#8221;fadeIn&#8221;][\/vc_column][\/vc_row][vc_row full_width=&#8221;stretch_row&#8221; disable_element=&#8221;yes&#8221; css=&#8221;.vc_custom_1647272395750{padding-top: 60px !important;padding-bottom: 60px !important;background-color: #f1f3f7 !important;}&#8221;][vc_column width=&#8221;1\/2&#8243;]\n        <a href=\"\"><span class=\"top-sub-title text-color-primary\">T\u00fcm Haberler<\/span><\/a>\n\t\t<h2 class=\"text-color-dark font-weight-bold mb-4\">Haberler<\/h2><div class=\"owl-carousel owl-theme carousel-style-1 dots-style-1\" data-plugin-options=\"{'items': 1, 'autoplay': true, 'autoplayTimeout': 5000, 'autoplayHoverPause': true, 'dots': true, 'navtext': [], 'animateIn': 'fadeIn', 'animateOut': 'fadeOut'}\"><\/div>[\/vc_column][vc_column width=&#8221;1\/2&#8243;]\n        <a href=\"\"><span class=\"top-sub-title text-color-primary\">T\u00fcm Sorular<\/span><\/a>\n\t\t<h2 class=\"text-color-dark font-weight-bold mb-4\">S\u0131k Sorulan Sorular<\/h2><div id=\"toggleDefault\" class=\"accordion accordion-minimal accordion-toggle\" role=\"tablist\"><\/div>[\/vc_column][\/vc_row][vc_row disable_element=&#8221;yes&#8221; css=&#8221;.vc_custom_1647272387334{padding-top: 90px !important;padding-bottom: 90px !important;}&#8221;][vc_column width=&#8221;1\/2&#8243;][vc_custom_heading text=&#8221;Tan\u0131t\u0131m Videomuz&#8221; font_container=&#8221;tag:h2|font_size:23|text_align:left&#8221; google_fonts=&#8221;font_family:Montserrat%3Aregular%2C700|font_style:700%20bold%20regular%3A700%3Anormal&#8221;][vc_column_text]<\/p>\n<p class=\"lead mb-3 appear-animation animated fadeInUpShorter appear-animation-visible\" data-appear-animation=\"fadeInUpShorter\" data-appear-animation-delay=\"300\"><strong>Nullam id varius nunc. Vivamus bibendum magna ex, et faucibus.<\/strong><\/p>\n<p data-appear-animation=\"fadeInUpShorter\" data-appear-animation-delay=\"300\">Lorem ipsum dolor sit amet, consectetur adipiscing elit. Phasellus blandit massa enim. Nullam id varius nunc. Vivamus bibendum magna ex, et faucibus lacus venenatis eget. Suspendisse potenti. Curabitur euismod facilisis neque, eu malesuada diam finibus non. Nullam nec vehicula leo. Morbi porta ante eu feugiat mollis. Lorem ipsum dolor sit amet, consectetur adipiscing elit. Phasellus blandit massa enim. Nullam id varius nunc. Vivamus bibendum magna ex, et faucibus lacus venenatis eget. Suspendisse potenti. Curabitur euismod facilisis neque, eu malesuada diam finibus non. Nullam nec vehicula leo. Morbi porta ante eu feugiat mollis.<\/p>\n<p>[\/vc_column_text][\/vc_column][vc_column width=&#8221;1\/2&#8243;]\n        <div class=\"card card-style-4 border-0 appear-animation\" data-appear-animation=\"fadeInUpShorter\"\n\t\t\t\t\t data-appear-animation-delay=\"300\" style=\"width:400px;\">\n\t\t\t\t\t\t<div class=\"image-frame rounded\">\n\t\t\t\t\t\t\t<span class=\"image-frame-wrapper\">\n\t\t\t\t\t\t\t\t<img decoding=\"async\" src=\"https:\/\/www.turcanapple.com\/en\/wp-content\/uploads\/2019\/03\/bolum4.jpg\" class=\"card-img-top rounded\" alt=\"\">\n\t\t\t\t\t\t\t\t<span class=\"image-frame-info image-frame-info-show flex-column align-items-center\">\n\t\t\t\t\t\t\t\t\t<a href=\"https:\/\/www.youtube.com\/watch?v=0mdgDIpAKxI\" class=\"popup-youtube\">\n\t\t\t\t\t\t\t\t\t\t<span class=\"icon-box icon-box-style-4 hover-anim hover-anim-effect-1\">\n\t\t\t\t\t\t\t\t\t\t\t<span class=\"icon-box-icon bg-primary\">\n\t\t\t\t\t\t\t\t\t\t\t\t<i class=\"fas fa-play text-5\"><\/i>\n\t\t\t\t\t\t\t\t\t\t\t<\/span>\n\t\t\t\t\t\t\t\t\t\t<\/span>\n\t\t\t\t\t\t\t\t\t<\/a>\n\t\t\t\t\t\t\t\t\t<a href=\"https:\/\/www.youtube.com\/watch?v=0mdgDIpAKxI\" class=\"popup-youtube btn btn-rounded btn-dark btn-h-4 btn-v-3 mt-4\">TANITIM V\u0130DEOSU<\/a>\n\t\t\t\t\t\t\t\t<\/span>\n\t\t\t\t\t\t\t<\/span>\n\t\t\t\t\t\t<\/div>\n\t\t\t\t\t<\/div>[\/vc_column][\/vc_row][vc_row full_width=&#8221;stretch_row&#8221; disable_element=&#8221;yes&#8221; css=&#8221;.vc_custom_1647272378671{padding-top: 60px !important;padding-bottom: 60px !important;background-color: #f1f3f7 !important;}&#8221;][vc_column]\n        <div class=\"text-center\"><h3 class=\"text-color-dark font-weight-extra-bold text-4 mb-4\">M\u00fc\u015fteri Yorumlar\u0131<\/h3>\n\t\t\t\t\t<hr class=\"divider-w-2 divider-size-2 border-color-primary my-4\"><\/div><div class=\"owl-carousel owl-theme dots-style-3 nav-style-3 nav-color-dark text-center\" data-plugin-options=\"{'items': 1, 'dots': true, 'nav': true, 'navtext': []}\"><\/div>[\/vc_column][\/vc_row][vc_row disable_element=&#8221;yes&#8221; css=&#8221;.vc_custom_1647272663957{padding-top: 90px !important;padding-bottom: 90px !important;}&#8221;][vc_column]<div class=\"row\"><\/div>[\/vc_column][\/vc_row]<\/p>\n<\/div>","protected":false},"excerpt":{"rendered":"<p>[vc_row][vc_column][\/vc_column][\/vc_row][vc_row][vc_column css=&#8221;.vc_custom_1647270576783{padding-top: 45px !important;}&#8221;][vc_custom_heading text=&#8221;Women&#8217;s, Men&#8217;s and Children&#8217;s Underwear Products&#8221; font_container=&#8221;tag:h1|text_align:center&#8221; google_fonts=&#8221;font_family:Montserrat%3Aregular%2C700|font_style:700%20bold%20regular%3A700%3Anormal&#8221;][\/vc_column][\/vc_row][vc_row css=&#8221;.vc_custom_1647270567687{padding-top: 45px !important;padding-bottom: 90px !important;}&#8221;][vc_column width=&#8221;1\/4&#8243; offset=&#8221;vc_col-xs-6&#8243;][\/vc_column][vc_column width=&#8221;1\/4&#8243; offset=&#8221;vc_col-xs-6&#8243;][\/vc_column][vc_column width=&#8221;1\/4&#8243; offset=&#8221;vc_col-xs-6&#8243;][\/vc_column][vc_column width=&#8221;1\/4&#8243; offset=&#8221;vc_col-xs-6&#8243;][\/vc_column][\/vc_row][vc_row full_width=&#8221;stretch_row_content_no_spaces&#8221;][vc_column][\/vc_column][\/vc_row][vc_row css=&#8221;.vc_custom_1635508374108{padding-top: 90px !important;padding-bottom: 90px !important;}&#8221;][vc_column width=&#8221;1\/2&#8243;][vc_custom_heading text=&#8221;T\u00fcrcan Apple Laundry &amp; Underwear&#8221; font_container=&#8221;tag:h1|font_size:23|text_align:left&#8221; google_fonts=&#8221;font_family:Montserrat%3Aregular%2C700|font_style:700%20bold%20regular%3A700%3Anormal&#8221;][vc_column_text]We produce men&#8217;s and women&#8217;s underwear with our wide product range. We have domestic and international sales [&hellip;]<\/p>\n","protected":false},"author":1,"featured_media":0,"parent":0,"menu_order":0,"comment_status":"closed","ping_status":"closed","template":"anasayfa.php","meta":{"footnotes":""},"yoast_head":"<!-- This site is optimized with the Yoast SEO plugin v22.8 - https:\/\/yoast.com\/wordpress\/plugins\/seo\/ -->\n<title>Women&#039;s, Men&#039;s and Children&#039;s Underwear - Apple Underwear<\/title>\n<meta name=\"description\" content=\"As T\u00fcrcan Apple Underwear, we produce quality underwear for women, men, girls and boys and export to the world as a wholesale.\" \/>\n<meta name=\"robots\" content=\"index, follow, max-snippet:-1, max-image-preview:large, max-video-preview:-1\" \/>\n<link rel=\"canonical\" href=\"https:\/\/www.turcanapple.com\/en\/\" \/>\n<meta property=\"og:locale\" content=\"tr_TR\" \/>\n<meta property=\"og:type\" content=\"article\" \/>\n<meta property=\"og:title\" content=\"Women&#039;s, Men&#039;s and Children&#039;s Underwear - Apple Underwear\" \/>\n<meta property=\"og:description\" content=\"As T\u00fcrcan Apple Underwear, we produce quality underwear for women, men, girls and boys and export to the world as a wholesale.\" \/>\n<meta property=\"og:url\" content=\"https:\/\/www.turcanapple.com\/en\/\" \/>\n<meta property=\"og:site_name\" content=\"Apple Underwear\" \/>\n<meta property=\"article:modified_time\" content=\"2022-09-08T21:05:49+00:00\" \/>\n<meta name=\"twitter:card\" content=\"summary_large_image\" \/>\n<meta name=\"twitter:label1\" content=\"Tahmini okuma s\u00fcresi\" \/>\n\t<meta name=\"twitter:data1\" content=\"3 dakika\" \/>\n<script type=\"application\/ld+json\" class=\"yoast-schema-graph\">{\"@context\":\"https:\/\/schema.org\",\"@graph\":[{\"@type\":\"WebPage\",\"@id\":\"https:\/\/www.turcanapple.com\/en\/\",\"url\":\"https:\/\/www.turcanapple.com\/en\/\",\"name\":\"Women's, Men's and Children's Underwear - Apple Underwear\",\"isPartOf\":{\"@id\":\"https:\/\/www.turcanapple.com\/en\/#website\"},\"datePublished\":\"2019-03-11T14:39:03+00:00\",\"dateModified\":\"2022-09-08T21:05:49+00:00\",\"description\":\"As T\u00fcrcan Apple Underwear, we produce quality underwear for women, men, girls and boys and export to the world as a wholesale.\",\"breadcrumb\":{\"@id\":\"https:\/\/www.turcanapple.com\/en\/#breadcrumb\"},\"inLanguage\":\"tr\",\"potentialAction\":[{\"@type\":\"ReadAction\",\"target\":[\"https:\/\/www.turcanapple.com\/en\/\"]}]},{\"@type\":\"BreadcrumbList\",\"@id\":\"https:\/\/www.turcanapple.com\/en\/#breadcrumb\",\"itemListElement\":[{\"@type\":\"ListItem\",\"position\":1,\"name\":\"Anasayfa\",\"item\":\"https:\/\/www.turcanapple.com\/en\/\"},{\"@type\":\"ListItem\",\"position\":2,\"name\":\"Home\"}]},{\"@type\":\"WebSite\",\"@id\":\"https:\/\/www.turcanapple.com\/en\/#website\",\"url\":\"https:\/\/www.turcanapple.com\/en\/\",\"name\":\"Apple Underwear\",\"description\":\"\",\"potentialAction\":[{\"@type\":\"SearchAction\",\"target\":{\"@type\":\"EntryPoint\",\"urlTemplate\":\"https:\/\/www.turcanapple.com\/en\/?s={search_term_string}\"},\"query-input\":\"required name=search_term_string\"}],\"inLanguage\":\"tr\"}]}<\/script>\n<!-- \/ Yoast SEO plugin. -->","yoast_head_json":{"title":"Women's, Men's and Children's Underwear - Apple Underwear","description":"As T\u00fcrcan Apple Underwear, we produce quality underwear for women, men, girls and boys and export to the world as a wholesale.","robots":{"index":"index","follow":"follow","max-snippet":"max-snippet:-1","max-image-preview":"max-image-preview:large","max-video-preview":"max-video-preview:-1"},"canonical":"https:\/\/www.turcanapple.com\/en\/","og_locale":"tr_TR","og_type":"article","og_title":"Women's, Men's and Children's Underwear - Apple Underwear","og_description":"As T\u00fcrcan Apple Underwear, we produce quality underwear for women, men, girls and boys and export to the world as a wholesale.","og_url":"https:\/\/www.turcanapple.com\/en\/","og_site_name":"Apple Underwear","article_modified_time":"2022-09-08T21:05:49+00:00","twitter_card":"summary_large_image","twitter_misc":{"Tahmini okuma s\u00fcresi":"3 dakika"},"schema":{"@context":"https:\/\/schema.org","@graph":[{"@type":"WebPage","@id":"https:\/\/www.turcanapple.com\/en\/","url":"https:\/\/www.turcanapple.com\/en\/","name":"Women's, Men's and Children's Underwear - Apple Underwear","isPartOf":{"@id":"https:\/\/www.turcanapple.com\/en\/#website"},"datePublished":"2019-03-11T14:39:03+00:00","dateModified":"2022-09-08T21:05:49+00:00","description":"As T\u00fcrcan Apple Underwear, we produce quality underwear for women, men, girls and boys and export to the world as a wholesale.","breadcrumb":{"@id":"https:\/\/www.turcanapple.com\/en\/#breadcrumb"},"inLanguage":"tr","potentialAction":[{"@type":"ReadAction","target":["https:\/\/www.turcanapple.com\/en\/"]}]},{"@type":"BreadcrumbList","@id":"https:\/\/www.turcanapple.com\/en\/#breadcrumb","itemListElement":[{"@type":"ListItem","position":1,"name":"Anasayfa","item":"https:\/\/www.turcanapple.com\/en\/"},{"@type":"ListItem","position":2,"name":"Home"}]},{"@type":"WebSite","@id":"https:\/\/www.turcanapple.com\/en\/#website","url":"https:\/\/www.turcanapple.com\/en\/","name":"Apple Underwear","description":"","potentialAction":[{"@type":"SearchAction","target":{"@type":"EntryPoint","urlTemplate":"https:\/\/www.turcanapple.com\/en\/?s={search_term_string}"},"query-input":"required name=search_term_string"}],"inLanguage":"tr"}]}},"_links":{"self":[{"href":"https:\/\/www.turcanapple.com\/en\/wp-json\/wp\/v2\/pages\/396"}],"collection":[{"href":"https:\/\/www.turcanapple.com\/en\/wp-json\/wp\/v2\/pages"}],"about":[{"href":"https:\/\/www.turcanapple.com\/en\/wp-json\/wp\/v2\/types\/page"}],"author":[{"embeddable":true,"href":"https:\/\/www.turcanapple.com\/en\/wp-json\/wp\/v2\/users\/1"}],"replies":[{"embeddable":true,"href":"https:\/\/www.turcanapple.com\/en\/wp-json\/wp\/v2\/comments?post=396"}],"version-history":[{"count":68,"href":"https:\/\/www.turcanapple.com\/en\/wp-json\/wp\/v2\/pages\/396\/revisions"}],"predecessor-version":[{"id":1095,"href":"https:\/\/www.turcanapple.com\/en\/wp-json\/wp\/v2\/pages\/396\/revisions\/1095"}],"wp:attachment":[{"href":"https:\/\/www.turcanapple.com\/en\/wp-json\/wp\/v2\/media?parent=396"}],"curies":[{"name":"wp","href":"https:\/\/api.w.org\/{rel}","templated":true}]}}